{"id":575,"date":"2022-07-18T11:11:40","date_gmt":"2022-07-18T11:11:40","guid":{"rendered":"https:\/\/fridacarlsson.es\/legal-disclaimer"},"modified":"2022-07-20T11:36:00","modified_gmt":"2022-07-20T11:36:00","slug":"aviso-legal","status":"publish","type":"page","link":"https:\/\/fridacarlsson.es\/es\/aviso-legal","title":{"rendered":"Aviso Legal"},"content":{"rendered":"\n[et_pb_section fb_built=\u00bb1&#8243; _builder_version=\u00bb4.17.4&#8243; _module_preset=\u00bbdefault\u00bb global_colors_info=\u00bb{}\u00bb][et_pb_row _builder_version=\u00bb4.16&#8243; _module_preset=\u00bbdefault\u00bb locked=\u00bboff\u00bb global_colors_info=\u00bb{}\u00bb][et_pb_column type=\u00bb4_4&#8243; _builder_version=\u00bb4.16&#8243; _module_preset=\u00bbdefault\u00bb global_colors_info=\u00bb{}\u00bb][et_pb_image src=\u00bbhttps:\/\/fridacarlsson.es\/wp-content\/uploads\/2022\/06\/LOGO_FRIDA.png\u00bb title_text=\u00bbLOGO_FRIDA\u00bb url=\u00bb@ET-DC@eyJkeW5hbWljIjp0cnVlLCJjb250ZW50IjoicG9zdF9saW5rX3VybF9wYWdlIiwic2V0dGluZ3MiOnsicG9zdF9pZCI6IjE5In19@\u00bb align=\u00bbcenter\u00bb _builder_version=\u00bb4.17.4&#8243; _dynamic_attributes=\u00bburl\u00bb _module_preset=\u00bbdefault\u00bb width=\u00bb30%\u00bb width_tablet=\u00bb30%\u00bb width_phone=\u00bb63%\u00bb width_last_edited=\u00bbon|phone\u00bb global_colors_info=\u00bb{}\u00bb][\/et_pb_image][\/et_pb_column][\/et_pb_row][et_pb_row _builder_version=\u00bb4.17.4&#8243; _module_preset=\u00bbdefault\u00bb global_colors_info=\u00bb{}\u00bb][et_pb_column type=\u00bb4_4&#8243; _builder_version=\u00bb4.17.4&#8243; _module_preset=\u00bbdefault\u00bb global_colors_info=\u00bb{}\u00bb][et_pb_text _builder_version=\u00bb4.17.4&#8243; _module_preset=\u00bbdefault\u00bb hover_enabled=\u00bb0&#8243; global_colors_info=\u00bb{}\u00bb sticky_enabled=\u00bb0&#8243;]<h1>Aviso Legal<\/h1>[\/et_pb_text][et_pb_text _builder_version=\u00bb4.17.4&#8243; _module_preset=\u00bbdefault\u00bb hover_enabled=\u00bb0&#8243; global_colors_info=\u00bb{}\u00bb sticky_enabled=\u00bb0&#8243;]<h2>1. Objeto y aceptaci\u00f3n<\/h2>\nEl presente aviso legal regula el uso del sitio Web:  www.fridacarlsson.es.\n\nEl sitio web www.fridacarlsson.es presta servicios cuyo objetivo primordial es permitir el contacto entre los usuarios y la entidad, bien para ponerse en contacto con nosotros, responder a su solicitud, gestionar su reclamaci\u00f3n, tramitar su compra, ejercitar sus derechos en protecci\u00f3n de datos o para pedir presupuestos.\n\nLa navegaci\u00f3n por la p\u00e1gina www.fridacarlsson.es atribuye la condici\u00f3n de usuario de la misma e implica la aceptaci\u00f3n plena y sin reservas de todas y cada una de las disposiciones incluidas en este Aviso Legal, que pueden sufrir modificaciones.\n\nEl usuario se obliga a hacer un uso correcto del sitio Web de conformidad con las leyes, la buena fe, el orden p\u00fablico, los usos del tr\u00e1fico y el presente Aviso Legal. El Usuario responder\u00e1 frente a FRIDA CARLSSON y frente a terceros, de los da\u00f1os y perjuicios que pudieran causarse como consecuencia del incumplimiento de dicha obligaci\u00f3n.\n<h2>2. Titularidad de la web e identificaci\u00f3n del Prestador de Servicios de la Sociedad de la Informaci\u00f3n<\/h2>\nProveedor de servicios:\nCon la finalidad de dar cumplimiento al principio de Informaci\u00f3n general exigido por el Art\u00edculo 10 de la Ley 34\/2002, de 11 de julio, de servicios de la sociedad de la informaci\u00f3n y de comercio electr\u00f3nico informamos a nuestros usuarios que el presente sitio web pertenece a FRIDA CARLSSON con NIF X3183460F.\n\nDirecci\u00f3n:\nCalle Taburiente 23 , 35510 \u2013 Puerto del Carmen, Lanzarote (las Palmas), Espa\u00f1a\n\nEmail:\nfrida.massagewellness@outlook.com\n\nTel\u00e9fono:\n+34639449309\n\nWeb alojada por:\nIONOS Espa\u00f1a\n<h2>3.  Condiciones generales de acceso y utilizaci\u00f3n<\/h2>\nEl sitio Web y sus servicios son de acceso libre y gratuito, si bien la utilizaci\u00f3n de determinadas \u00e1reas o servicios est\u00e1 condicionada a cumplimentar formularios de recogida de datos. S\u00f3lo los mayores de 18 a\u00f1os podr\u00e1n facilitar datos a trav\u00e9s de nuestra web, y los menores de 14 a\u00f1os no pueden facilitarlos sin el consentimiento de los padres o tutores.\n\nEl Usuario garantiza la autenticidad y actualidad de todos aquellos datos que comunique a FRIDA CARLSSON y ser\u00e1 el \u00fanico responsable de las manifestaciones falsas o inexactas que realice.\n\nwww.fridacarlsson.es  tiene los siguientes tipos de usuarios:\n\nUsuarios que aportan datos en cualquiera de los formularios disponibles: Los datos personales que FRIDA CARLSSON solicita incluye el nombre y direcci\u00f3n electr\u00f3nica y los proporcionados por el propio usuario al rellenar los formularios.\nUsuarios que no han contactado con FRIDA CARLSSON pero de los que se recogen datos: Datos proporcionados por las cookies.\nUsuarios que realizan compras a trav\u00e9s de nuestra tienda on-line: Se recogen los datos proporcionados por el usuario en el proceso de compra y datos de la compra realizada.\n\n3.1 Reglas y prohibiciones de uso para usuarios de nuestros servicios\n\nEl Usuario se compromete expresamente a hacer un uso adecuado de los contenidos y servicios ofrecidos y a no emplearlos para:\n\nDifundir contenidos delictivos, violentos, pornogr\u00e1ficos, racistas, xen\u00f3fobo, ofensivos, de apolog\u00eda del terrorismo o, en general, contrarios a la ley o al orden p\u00fablico.\nIntroducir en la red virus inform\u00e1ticos o realizar actuaciones susceptibles de alterar, estropear, interrumpir o generar errores o da\u00f1os en los documentos electr\u00f3nicos, datos o sistemas f\u00edsicos y l\u00f3gicos de FRIDA CARLSSON o de terceras personas; as\u00ed como obstaculizar el acceso de otros Usuarios al sitio Web y a sus servicios.\nIntentar acceder a \u00e1reas restringidas de los sistemas inform\u00e1ticos de FRIDA CARLSSON o de terceros y, en su caso, extraer informaci\u00f3n.\nVulnerar los derechos de propiedad intelectual o industrial, as\u00ed como violar la confidencialidad de la informaci\u00f3n de FRIDA CARLSSON o de terceros.\nSuplantar la identidad de otro Usuario, de las administraciones p\u00fablicas o de un tercero.\nReproducir, copiar, distribuir, poner a disposici\u00f3n o de cualquier otra forma comunicar p\u00fablicamente, transformar o modificar los Contenidos, a menos que se cuente con la autorizaci\u00f3n del titular de los correspondientes derechos o ello resulte legalmente permitido.\nRecabar datos con finalidad publicitaria y de remitir publicidad de cualquier clase y comunicaciones con fines de venta u otras de naturaleza comercial sin que medie su previa solicitud o consentimiento.\n\n3.2. Procedimiento en caso de realizaci\u00f3n de actividades de car\u00e1cter il\u00edcito\n\nEn el caso de que cualquier usuario o un tercero considere que existen hechos o circunstancias que revelen el car\u00e1cter il\u00edcito de la utilizaci\u00f3n de cualquier contenido y\/o de la realizaci\u00f3n de cualquier actividad en las p\u00e1ginas Web incluidas o accesibles a trav\u00e9s del sitio Web, deber\u00e1 enviar una notificaci\u00f3n a FRIDA CARLSSON identific\u00e1ndose debidamente, especificando las supuestas infracciones y declarando expresamente y bajo su responsabilidad que la informaci\u00f3n proporcionada en la notificaci\u00f3n es exacta.\n\nPol\u00edtica de privacidad\nEl usuario puede consultar c\u00f3mo FRIDA CARLSSON utiliza sus datos y las medidas de seguridad implantadas en el enlace: \u00abPol\u00edtica de privacidad\u201d.\n\nPol\u00edtica de cookies\nFRIDA CARLSSON instala cookies en el ordenador del usuario. Para conocer m\u00e1s las cookies de nuestro sitio web acuda al siguiente enlace: \u00abPol\u00edtica de cookies\u00bb.\n\nNotificaciones\nTodas las notificaciones y comunicaciones entre los usuarios y FRIDA CARLSSON se considerar\u00e1n eficaces, a todos los efectos, cuando se realicen a trav\u00e9s de correo postal o correo electr\u00f3nico o comunicaci\u00f3n telef\u00f3nica. Los usuarios deber\u00e1n dirigirse a FRIDA CARLSSON mediante:\n\nEnv\u00edo por correo postal a la siguiente direcci\u00f3n: FRIDA CARLSSON \u2013 Calle Taburiente 23, 35510 Puerto del Carmen, Lanzarote (las Palmas).\nEnv\u00edo por correo electr\u00f3nico a la siguiente direcci\u00f3n: frida.massagewellness@outlook.com\n\nPropiedad Industrial y propiedad intelectual\n\nTodos los contenidos del sitio Web, como textos, fotograf\u00edas, gr\u00e1ficos, im\u00e1genes, iconos, tecnolog\u00eda, software, as\u00ed como su dise\u00f1o gr\u00e1fico y c\u00f3digos fuente, constituyen una obra cuya propiedad pertenece a FRIDA CARLSSON, sin que puedan entenderse cedidos al Usuario ninguno de los derechos de explotaci\u00f3n sobre los mismos m\u00e1s all\u00e1 de lo estrictamente necesario para el correcto uso de la Web.\n\nEn definitiva, los usuarios que accedan a este sitio Web pueden visualizar los contenidos y efectuar, en su caso, copias privadas autorizadas siempre que los elementos reproducidos no sean cedidos posteriormente a terceros, ni se instalen a servidores conectados a redes, ni sean objeto de ning\u00fan tipo de explotaci\u00f3n y \u00fanica y exclusivamente mientras se encuentre en vigor el servicio.\n\nAsimismo, todas las marcas, nombres comerciales o signos distintivos de cualquier clase que aparecen en el sitio Web son propiedad de FRIDA CARLSSON, sin que pueda entenderse que el uso o acceso al mismo atribuya al Usuario derecho alguno sobre los mismos.\n\nQuedan prohibidas la distribuci\u00f3n, modificaci\u00f3n, cesi\u00f3n o comunicaci\u00f3n p\u00fablica de los contenidos y cualquier otro acto que no haya sido expresamente autorizado por FRIDA CARLSSON is prohibited. En caso de incumplimiento, FRIDA CARLSSON proceder\u00e1 a adoptar las medidas legales oportunas.\n\nExenci\u00f3n de responsabilidad y modificaci\u00f3n del presente aviso legal\n\nLa web www.fridacarlsson.es uses utiliza t\u00e9cnicas de seguridad de la informaci\u00f3n tales como firewalls, procedimientos de control de acceso y mecanismos criptogr\u00e1ficos, todo ello con el objetivo de evitar el acceso no autorizado a los datos y garantizar la confidencialidad de los mismos.\n\nLa informaci\u00f3n que se difunde en esta web se hace \u00fanica y exclusivamente a t\u00edtulo informativo, reserv\u00e1ndose, FRIDA CARLSSON el derecho de eliminar o suspender su difusi\u00f3n, total o parcialmente, y a modificar la estructura y contenido de este sitio Web sin aviso previo, pudiendo incluso limitar o no permitir el acceso a dicha informaci\u00f3n. FRIDA CARLSSON intenta  mantener la calidad y actualizaci\u00f3n de esta informaci\u00f3n y evitar y minimizar posibles errores pero FRIDA CARLSSON no responder\u00e1 de los da\u00f1os o perjuicios causados por decisiones tomadas en base a la informaci\u00f3n difundida; ni de inexactitudes, omisiones o errores contenidos en el mismo, ni de los problemas que se originen por el uso de este sitio Web u otro de conexi\u00f3n externa; ni de los da\u00f1os y\/o perjuicios en el software o hardware del usuario que se deriven del acceso a este sitio Web.\n\nLos Usuarios aceptan expresamente que FRIDA CARLSSON no ser\u00e1 responsable del acceso no autorizado o alteraci\u00f3n de sus transmisiones o datos, de cualquier material o datos enviados o recibidos o no enviados o recibidos, ni de ninguna transacci\u00f3n realizada a trav\u00e9s de su web.\n\nFRIDA CARLSSON se reserva el derecho a modificar el presente aviso legal unilateralmente y sin preaviso  en los t\u00e9rminos y condiciones que estime conveniente con la \u00fanica obligaci\u00f3n de informar al usuario de las modificaciones efectuadas a trav\u00e9s de www.fridacarlsson.es.\n\nEn relaci\u00f3n con la informaci\u00f3n que se difunde en la tienda online prevalecer\u00e1 aquello recogido en el documento \u201cCondiciones Generales de Compra\u201d frente a este Aviso Legal.\n\nNulidad parcial\nSi alguna de las presentes cl\u00e1usulas fuese declarada nula y sin efecto por resoluci\u00f3n firme dictada por autoridad competente, los restantes t\u00e9rminos y condiciones permanecer\u00e1n en vigor, sin que queden afectados por dicha declaraci\u00f3n de nulidad.\n\nLey aplicable y tribunales competentes\n\nEl presente sitio web queda sometido a lo establecido por la legislaci\u00f3n espa\u00f1ola y normativa europea que resulte de aplicaci\u00f3n\n\nCualquier controversia que surja o guarde relaci\u00f3n con el uso de la p\u00e1gina web o con dichos productos ser\u00e1 sometida a la jurisdicci\u00f3n no exclusiva de los juzgados y tribunales espa\u00f1oles de la provincia de Las Palmas.\n\nSi se trata de un consumidor final nada en la presente cl\u00e1usula afectar\u00e1 a los derechos que como tal le reconoce la legislaci\u00f3n vigente, pudiendo elegir presentar una reclamaci\u00f3n para hacer valer sus derechos en relaci\u00f3n con las presentes Condiciones ante el Juez o Tribunales que correspondan a su domicilio.[\/et_pb_text][\/et_pb_column][\/et_pb_row][\/et_pb_section][et_pb_section fb_built=\u00bb1&#8243; _builder_version=\u00bb4.17.4&#8243; _module_preset=\u00bbdefault\u00bb locked=\u00bboff\u00bb global_colors_info=\u00bb{}\u00bb][et_pb_row column_structure=\u00bb1_2,1_2&#8243; _builder_version=\u00bb4.17.4&#8243; _module_preset=\u00bbdefault\u00bb max_width=\u00bb1000%\u00bb global_colors_info=\u00bb{}\u00bb][et_pb_column type=\u00bb1_2&#8243; _builder_version=\u00bb4.17.4&#8243; _module_preset=\u00bbdefault\u00bb global_colors_info=\u00bb{}\u00bb][et_pb_image src=\u00bbhttps:\/\/fridacarlsson.es\/wp-content\/uploads\/2022\/06\/LOGO_FRIDA.png\u00bb title_text=\u00bbLOGO_FRIDA\u00bb align_tablet=\u00bbcenter\u00bb align_last_edited=\u00bboff|tablet\u00bb _builder_version=\u00bb4.17.4&#8243; _module_preset=\u00bbdefault\u00bb width=\u00bb60%\u00bb width_tablet=\u00bb43%\u00bb width_phone=\u00bb59%\u00bb width_last_edited=\u00bbon|phone\u00bb global_colors_info=\u00bb{}\u00bb][\/et_pb_image][\/et_pb_column][et_pb_column type=\u00bb1_2&#8243; _builder_version=\u00bb4.17.4&#8243; _module_preset=\u00bbdefault\u00bb global_colors_info=\u00bb{}\u00bb][et_pb_text _builder_version=\u00bb4.17.4&#8243; _module_preset=\u00bbdefault\u00bb header_2_text_align=\u00bbright\u00bb header_2_text_color=\u00bb#87936C\u00bb header_2_font_size=\u00bb42px\u00bb custom_margin=\u00bb||5px|||\u00bb header_2_font_size_tablet=\u00bb42px\u00bb header_2_font_size_phone=\u00bb33px\u00bb header_2_font_size_last_edited=\u00bbon|phone\u00bb global_colors_info=\u00bb{}\u00bb]<h2>Opening Hours<\/h2>[\/et_pb_text][et_pb_text _builder_version=\u00bb4.17.4&#8243; _module_preset=\u00bbdefault\u00bb header_2_font=\u00bbMontserrat|700|||||||\u00bb header_2_text_align=\u00bbright\u00bb header_2_text_color=\u00bb#757169&#8243; header_2_font_size=\u00bb16px\u00bb custom_margin=\u00bb||13px|||\u00bb header_2_font_size_tablet=\u00bb\u00bb header_2_font_size_phone=\u00bb16px\u00bb header_2_font_size_last_edited=\u00bbon|phone\u00bb global_colors_info=\u00bb{}\u00bb]<h2>By appointment only<\/h2>[\/et_pb_text][et_pb_text _builder_version=\u00bb4.17.4&#8243; _module_preset=\u00bbdefault\u00bb text_font=\u00bb|300|||||||\u00bb text_font_size=\u00bb16px\u00bb text_line_height=\u00bb1.4em\u00bb text_orientation=\u00bbright\u00bb text_font_size_tablet=\u00bb\u00bb text_font_size_phone=\u00bb14px\u00bb text_font_size_last_edited=\u00bbon|phone\u00bb global_colors_info=\u00bb{}\u00bb]<p>Mondays, Wednesdays, Fridays <a href=\"https:\/\/www.rae.es\/dpd\/barra\" data-ved=\"2ahUKEwiPh_uHydb4AhVys5UCHRggCikQFnoECEwQAQ\" ping=\"\/url?sa=t&amp;source=web&amp;rct=j&amp;url=https:\/\/www.rae.es\/dpd\/barra&amp;ved=2ahUKEwiPh_uHydb4AhVys5UCHRggCikQFnoECEwQAQ\" waprocessedanchor=\"true\"><\/a>| 9am to 5pm<br \/>Tuesdays, Thursdays <a href=\"https:\/\/www.rae.es\/dpd\/barra\" data-ved=\"2ahUKEwiPh_uHydb4AhVys5UCHRggCikQFnoECEwQAQ\" ping=\"\/url?sa=t&amp;source=web&amp;rct=j&amp;url=https:\/\/www.rae.es\/dpd\/barra&amp;ved=2ahUKEwiPh_uHydb4AhVys5UCHRggCikQFnoECEwQAQ\" waprocessedanchor=\"true\"><\/a>| 2pm to 7pm<\/p>[\/et_pb_text][et_pb_button button_url=\u00bb@ET-DC@eyJkeW5hbWljIjp0cnVlLCJjb250ZW50IjoicG9zdF9saW5rX3VybF9wYWdlIiwic2V0dGluZ3MiOnsicG9zdF9pZCI6IjIyIn19@\u00bb button_text=\u00bbCONTACT\u00bb button_alignment=\u00bbright\u00bb _builder_version=\u00bb4.17.4&#8243; _dynamic_attributes=\u00bbbutton_url\u00bb _module_preset=\u00bbdefault\u00bb custom_button=\u00bbon\u00bb button_text_size=\u00bb14px\u00bb button_text_color=\u00bb#FFFFFF\u00bb button_bg_color=\u00bb#C4C9B5&#8243; button_letter_spacing=\u00bb1px\u00bb button_font=\u00bb|600|||||||\u00bb button_text_size_tablet=\u00bb14px\u00bb button_text_size_phone=\u00bb12px\u00bb button_text_size_last_edited=\u00bbon|phone\u00bb global_colors_info=\u00bb{}\u00bb button_bg_color__hover_enabled=\u00bbon|hover\u00bb button_bg_color__hover=\u00bb#436C70&#8243; button_bg_enable_color__hover=\u00bbon\u00bb][\/et_pb_button][\/et_pb_column][\/et_pb_row][et_pb_row column_structure=\u00bb1_3,1_3,1_3&#8243; _builder_version=\u00bb4.17.4&#8243; _module_preset=\u00bbdefault\u00bb global_colors_info=\u00bb{}\u00bb][et_pb_column type=\u00bb1_3&#8243; _builder_version=\u00bb4.17.4&#8243; _module_preset=\u00bbdefault\u00bb global_colors_info=\u00bb{}\u00bb][et_pb_text _builder_version=\u00bb4.17.4&#8243; _module_preset=\u00bbdefault\u00bb text_orientation=\u00bbcenter\u00bb link_option_url=\u00bbhttps:\/\/fridacarlsson.es\/privacy-policy\u00bb global_colors_info=\u00bb{}\u00bb]<p>PRIVACY &amp; COOKIES POLICY<\/p>[\/et_pb_text][\/et_pb_column][et_pb_column type=\u00bb1_3&#8243; _builder_version=\u00bb4.17.4&#8243; _module_preset=\u00bbdefault\u00bb global_colors_info=\u00bb{}\u00bb][et_pb_text _builder_version=\u00bb4.17.4&#8243; _module_preset=\u00bbdefault\u00bb text_orientation=\u00bbcenter\u00bb link_option_url=\u00bbhttps:\/\/fridacarlsson.es\/privacy-policy\u00bb locked=\u00bboff\u00bb global_colors_info=\u00bb{}\u00bb]<p>LEGAL DISCLAIMER<\/p>[\/et_pb_text][\/et_pb_column][et_pb_column type=\u00bb1_3&#8243; _builder_version=\u00bb4.17.4&#8243; _module_preset=\u00bbdefault\u00bb global_colors_info=\u00bb{}\u00bb][et_pb_text _builder_version=\u00bb4.17.4&#8243; _module_preset=\u00bbdefault\u00bb text_orientation=\u00bbcenter\u00bb link_option_url=\u00bbhttps:\/\/digitalmarketinglanzarote.com\/\u00bb locked=\u00bboff\u00bb global_colors_info=\u00bb{}\u00bb]<p>WEBSITE DESIGN<\/p>[\/et_pb_text][\/et_pb_column][\/et_pb_row][\/et_pb_section]\n","protected":false},"excerpt":{"rendered":"<p>Aviso Legal1. Objeto y aceptaci\u00f3n El presente aviso legal regula el uso del sitio Web: www.fridacarlsson.es. El sitio web www.fridacarlsson.es presta servicios cuyo objetivo primordial es permitir el contacto entre los usuarios y la entidad, bien para ponerse en contacto con nosotros, responder a su solicitud, gestionar su reclamaci\u00f3n, tramitar su compra, ejercitar sus derechos [&hellip;]<\/p>\n","protected":false},"author":1,"featured_media":0,"parent":0,"menu_order":0,"comment_status":"closed","ping_status":"closed","template":"","meta":{"_et_pb_use_builder":"on","_et_pb_old_content":"","_et_gb_content_width":"","footnotes":""},"class_list":["post-575","page","type-page","status-publish","hentry"],"yoast_head":"<!-- This site is optimized with the Yoast SEO plugin v26.8 - https:\/\/yoast.com\/product\/yoast-seo-wordpress\/ -->\n<title>Aviso Legal | Frida Carlsson, Masajes y Tratamientos de Belleza<\/title>\n<meta name=\"description\" content=\"Esto es el aviso legal de la p\u00e1gina web de Frida Carlsson, masajes y tratamientos de belleza en Lanzarote.\" \/>\n<meta name=\"robots\" content=\"index, follow, max-snippet:-1, max-image-preview:large, max-video-preview:-1\" \/>\n<link rel=\"canonical\" href=\"https:\/\/fridacarlsson.es\/es\/aviso-legal\" \/>\n<meta property=\"og:locale\" content=\"es_ES\" \/>\n<meta property=\"og:type\" content=\"article\" \/>\n<meta property=\"og:title\" content=\"Aviso Legal | Frida Carlsson, Masajes y Tratamientos de Belleza\" \/>\n<meta property=\"og:description\" content=\"Esto es el aviso legal de la p\u00e1gina web de Frida Carlsson, masajes y tratamientos de belleza en Lanzarote.\" \/>\n<meta property=\"og:url\" content=\"https:\/\/fridacarlsson.es\/es\/aviso-legal\" \/>\n<meta property=\"og:site_name\" content=\"Frida Carlsson\" \/>\n<meta property=\"article:modified_time\" content=\"2022-07-20T11:36:00+00:00\" \/>\n<meta name=\"twitter:card\" content=\"summary_large_image\" \/>\n<meta name=\"twitter:label1\" content=\"Tiempo de lectura\" \/>\n\t<meta name=\"twitter:data1\" content=\"8 minutos\" \/>\n<script type=\"application\/ld+json\" class=\"yoast-schema-graph\">{\"@context\":\"https:\/\/schema.org\",\"@graph\":[{\"@type\":\"WebPage\",\"@id\":\"https:\/\/fridacarlsson.es\/es\/aviso-legal\",\"url\":\"https:\/\/fridacarlsson.es\/es\/aviso-legal\",\"name\":\"Aviso Legal | Frida Carlsson, Masajes y Tratamientos de Belleza\",\"isPartOf\":{\"@id\":\"https:\/\/fridacarlsson.es\/es#website\"},\"datePublished\":\"2022-07-18T11:11:40+00:00\",\"dateModified\":\"2022-07-20T11:36:00+00:00\",\"description\":\"Esto es el aviso legal de la p\u00e1gina web de Frida Carlsson, masajes y tratamientos de belleza en Lanzarote.\",\"breadcrumb\":{\"@id\":\"https:\/\/fridacarlsson.es\/es\/aviso-legal#breadcrumb\"},\"inLanguage\":\"es\",\"potentialAction\":[{\"@type\":\"ReadAction\",\"target\":[\"https:\/\/fridacarlsson.es\/es\/aviso-legal\"]}]},{\"@type\":\"BreadcrumbList\",\"@id\":\"https:\/\/fridacarlsson.es\/es\/aviso-legal#breadcrumb\",\"itemListElement\":[{\"@type\":\"ListItem\",\"position\":1,\"name\":\"Home\",\"item\":\"https:\/\/fridacarlsson.es\/es\"},{\"@type\":\"ListItem\",\"position\":2,\"name\":\"Aviso Legal\"}]},{\"@type\":\"WebSite\",\"@id\":\"https:\/\/fridacarlsson.es\/es#website\",\"url\":\"https:\/\/fridacarlsson.es\/es\",\"name\":\"Frida Carlsson\",\"description\":\"Masssage &amp;beaytu treatments\",\"potentialAction\":[{\"@type\":\"SearchAction\",\"target\":{\"@type\":\"EntryPoint\",\"urlTemplate\":\"https:\/\/fridacarlsson.es\/es?s={search_term_string}\"},\"query-input\":{\"@type\":\"PropertyValueSpecification\",\"valueRequired\":true,\"valueName\":\"search_term_string\"}}],\"inLanguage\":\"es\"}]}<\/script>\n<!-- \/ Yoast SEO plugin. -->","yoast_head_json":{"title":"Aviso Legal | Frida Carlsson, Masajes y Tratamientos de Belleza","description":"Esto es el aviso legal de la p\u00e1gina web de Frida Carlsson, masajes y tratamientos de belleza en Lanzarote.","robots":{"index":"index","follow":"follow","max-snippet":"max-snippet:-1","max-image-preview":"max-image-preview:large","max-video-preview":"max-video-preview:-1"},"canonical":"https:\/\/fridacarlsson.es\/es\/aviso-legal","og_locale":"es_ES","og_type":"article","og_title":"Aviso Legal | Frida Carlsson, Masajes y Tratamientos de Belleza","og_description":"Esto es el aviso legal de la p\u00e1gina web de Frida Carlsson, masajes y tratamientos de belleza en Lanzarote.","og_url":"https:\/\/fridacarlsson.es\/es\/aviso-legal","og_site_name":"Frida Carlsson","article_modified_time":"2022-07-20T11:36:00+00:00","twitter_card":"summary_large_image","twitter_misc":{"Tiempo de lectura":"8 minutos"},"schema":{"@context":"https:\/\/schema.org","@graph":[{"@type":"WebPage","@id":"https:\/\/fridacarlsson.es\/es\/aviso-legal","url":"https:\/\/fridacarlsson.es\/es\/aviso-legal","name":"Aviso Legal | Frida Carlsson, Masajes y Tratamientos de Belleza","isPartOf":{"@id":"https:\/\/fridacarlsson.es\/es#website"},"datePublished":"2022-07-18T11:11:40+00:00","dateModified":"2022-07-20T11:36:00+00:00","description":"Esto es el aviso legal de la p\u00e1gina web de Frida Carlsson, masajes y tratamientos de belleza en Lanzarote.","breadcrumb":{"@id":"https:\/\/fridacarlsson.es\/es\/aviso-legal#breadcrumb"},"inLanguage":"es","potentialAction":[{"@type":"ReadAction","target":["https:\/\/fridacarlsson.es\/es\/aviso-legal"]}]},{"@type":"BreadcrumbList","@id":"https:\/\/fridacarlsson.es\/es\/aviso-legal#breadcrumb","itemListElement":[{"@type":"ListItem","position":1,"name":"Home","item":"https:\/\/fridacarlsson.es\/es"},{"@type":"ListItem","position":2,"name":"Aviso Legal"}]},{"@type":"WebSite","@id":"https:\/\/fridacarlsson.es\/es#website","url":"https:\/\/fridacarlsson.es\/es","name":"Frida Carlsson","description":"Masssage &amp;beaytu treatments","potentialAction":[{"@type":"SearchAction","target":{"@type":"EntryPoint","urlTemplate":"https:\/\/fridacarlsson.es\/es?s={search_term_string}"},"query-input":{"@type":"PropertyValueSpecification","valueRequired":true,"valueName":"search_term_string"}}],"inLanguage":"es"}]}},"_links":{"self":[{"href":"https:\/\/fridacarlsson.es\/es\/wp-json\/wp\/v2\/pages\/575","targetHints":{"allow":["GET"]}}],"collection":[{"href":"https:\/\/fridacarlsson.es\/es\/wp-json\/wp\/v2\/pages"}],"about":[{"href":"https:\/\/fridacarlsson.es\/es\/wp-json\/wp\/v2\/types\/page"}],"author":[{"embeddable":true,"href":"https:\/\/fridacarlsson.es\/es\/wp-json\/wp\/v2\/users\/1"}],"replies":[{"embeddable":true,"href":"https:\/\/fridacarlsson.es\/es\/wp-json\/wp\/v2\/comments?post=575"}],"version-history":[{"count":3,"href":"https:\/\/fridacarlsson.es\/es\/wp-json\/wp\/v2\/pages\/575\/revisions"}],"predecessor-version":[{"id":582,"href":"https:\/\/fridacarlsson.es\/es\/wp-json\/wp\/v2\/pages\/575\/revisions\/582"}],"wp:attachment":[{"href":"https:\/\/fridacarlsson.es\/es\/wp-json\/wp\/v2\/media?parent=575"}],"curies":[{"name":"wp","href":"https:\/\/api.w.org\/{rel}","templated":true}]}}